{"id":2,"date":"2025-12-15T16:50:40","date_gmt":"2025-12-15T09:50:40","guid":{"rendered":"https:\/\/www.demo.vietnamweb.asia\/?page_id=2"},"modified":"2025-12-15T16:50:30","modified_gmt":"2025-12-15T09:50:30","slug":"trang-chu","status":"publish","type":"page","link":"https:\/\/kuwin40.org\/","title":{"rendered":"Kuwin40 com &#8211; N\u1ea1p USDT L\u1ea7n \u0110\u1ea7u T\u1eb7ng Th\u01b0\u1edfng T\u1ed1i \u0110a \u0110\u1ebfn 8.888k"},"content":{"rendered":"<h2><span style=\"font-size: 110%; color: #f99b1c;\"><strong>TRANG CH\u1ee6 \u0110\u0102NG NH\u1eacP NH\u00c0 C\u00c1I KUWIN<\/strong><\/span><\/h2>\n<p>Link trang t\u1ed5ng v\u00e0o Kuwin40 com ch\u00ednh th\u1ee9c c\u1eadp nh\u1eadt ng\u00e0y h\u00f4m nay m\u1edbi nh\u1ea5t:<\/p>\n<div class=\"row row-small\"  id=\"row-2037516971\">\n\n\t<div id=\"col-642058903\" class=\"col medium-4 small-12 large-4\"  >\n\t\t\t\t<div class=\"col-inner\"  >\n\t\t\t\n\t\t\t\n\t<div class=\"img has-hover x md-x lg-x y md-y lg-y\" id=\"image_314635512\">\n\t\t<a class=\"\" href=\"https:\/\/te8qc2.pro\/24z7\" >\t\t\t\t\t\t<div class=\"img-inner dark\" >\n\t\t\t<img loading=\"lazy\" decoding=\"async\" width=\"400\" height=\"188\" src=\"https:\/\/kuwin40.org\/wp-content\/uploads\/2025\/03\/dang-ky.webp\" class=\"attachment-original size-original\" alt=\"\u0110\u0103ng k\u00fd nh\u00e0 c\u00e1i\" srcset=\"https:\/\/kuwin40.org\/wp-content\/uploads\/2025\/03\/dang-ky.webp 400w, https:\/\/kuwin40.org\/wp-content\/uploads\/2025\/03\/dang-ky-300x141.webp 300w\" sizes=\"auto, (max-width: 400px) 100vw, 400px\" \/>\t\t\t\t\t\t\n\t\t\t\t\t<\/div>\n\t\t\t\t\t\t<\/a>\t\t\n<style>\n#image_314635512 {\n  width: 100%;\n}\n<\/style>\n\t<\/div>\n\t\n\t\t<\/div>\n\t\t\t\t\t<\/div>\n\n\t\n\n\t<div id=\"col-47763383\" class=\"col medium-4 small-12 large-4\"  >\n\t\t\t\t<div class=\"col-inner\"  >\n\t\t\t\n\t\t\t\n\t<div class=\"img has-hover x md-x lg-x y md-y lg-y\" id=\"image_1064518729\">\n\t\t<a class=\"\" href=\"https:\/\/te8qc2.pro\/24z7\" >\t\t\t\t\t\t<div class=\"img-inner dark\" >\n\t\t\t<img loading=\"lazy\" decoding=\"async\" width=\"400\" height=\"188\" src=\"https:\/\/kuwin40.org\/wp-content\/uploads\/2025\/03\/dang-nhap.webp\" class=\"attachment-original size-original\" alt=\"\u0110\u0103ng nh\u1eadp t\u1ea3i app\" srcset=\"https:\/\/kuwin40.org\/wp-content\/uploads\/2025\/03\/dang-nhap.webp 400w, https:\/\/kuwin40.org\/wp-content\/uploads\/2025\/03\/dang-nhap-300x141.webp 300w\" sizes=\"auto, (max-width: 400px) 100vw, 400px\" \/>\t\t\t\t\t\t\n\t\t\t\t\t<\/div>\n\t\t\t\t\t\t<\/a>\t\t\n<style>\n#image_1064518729 {\n  width: 100%;\n}\n<\/style>\n\t<\/div>\n\t\n\t\t<\/div>\n\t\t\t\t\t<\/div>\n\n\t\n\n\t<div id=\"col-859343085\" class=\"col medium-4 small-12 large-4\"  >\n\t\t\t\t<div class=\"col-inner\"  >\n\t\t\t\n\t\t\t\n\t<div class=\"img has-hover x md-x lg-x y md-y lg-y\" id=\"image_1344324451\">\n\t\t<a class=\"\" href=\"https:\/\/te8qc2.pro\/24z7\" >\t\t\t\t\t\t<div class=\"img-inner dark\" >\n\t\t\t<img loading=\"lazy\" decoding=\"async\" width=\"400\" height=\"188\" src=\"https:\/\/kuwin40.org\/wp-content\/uploads\/2025\/03\/khuyen-mai.webp\" class=\"attachment-original size-original\" alt=\"Khuy\u1ebfn m\u00e3i th\u00e0nh vi\u00ean\" srcset=\"https:\/\/kuwin40.org\/wp-content\/uploads\/2025\/03\/khuyen-mai.webp 400w, https:\/\/kuwin40.org\/wp-content\/uploads\/2025\/03\/khuyen-mai-300x141.webp 300w\" sizes=\"auto, (max-width: 400px) 100vw, 400px\" \/>\t\t\t\t\t\t\n\t\t\t\t\t<\/div>\n\t\t\t\t\t\t<\/a>\t\t\n<style>\n#image_1344324451 {\n  width: 100%;\n}\n<\/style>\n\t<\/div>\n\t\n\t\t<\/div>\n\t\t\t\t\t<\/div>\n\n\t\n<\/div>\n\t<div id=\"gap-1606160394\" class=\"gap-element clearfix\" style=\"display:block; height:auto;\">\n\t\t\n<style>\n#gap-1606160394 {\n  padding-top: 16px;\n}\n<\/style>\n\t<\/div>\n\t\n\t<div id=\"gap-665344075\" class=\"gap-element clearfix\" style=\"display:block; height:auto;\">\n\t\t\n<style>\n#gap-665344075 {\n  padding-top: 15px;\n}\n<\/style>\n\t<\/div>\n\t\n<p><em><strong>Disclaimer (Tuy\u00ean b\u1ed1 mi\u1ec5n tr\u1eeb):<\/strong><\/em> Kuwin40.org l\u00e0 trang th\u00f4ng tin cung c\u1ea5p n\u1ed9i dung tham kh\u1ea3o cho \u0111\u1ed9c gi\u1ea3 \u0111\u1ee7 18 tu\u1ed5i v\u00e0 kh\u00f4ng sinh s\u1ed1ng t\u1ea1i Vi\u1ec7t Nam. Ch\u00fang t\u00f4i kh\u00f4ng v\u1eadn h\u00e0nh, kh\u00f4ng qu\u1ea3ng b\u00e1 ho\u1ea1t \u0111\u1ed9ng c\u00e1 c\u01b0\u1ee3c. Do \u0111\u00f3 m\u1ecdi h\u00e0nh vi tham gia c\u00e1 c\u01b0\u1ee3c t\u1eeb c\u00e1c website kh\u00e1c th\u00f4ng qua li\u00ean k\u1ebft ngo\u00e0i n\u1ebfu g\u00e2y ra t\u1ed5n th\u1ea5t Kuwin40 game ho\u00e0n to\u00e0n \u0111\u01b0\u1ee3c mi\u1ec5n tr\u1eeb tr\u00e1ch nhi\u1ec7m.<\/p>\n<h2 class=\"tieu-de uppercase\"><span style=\"color: #3366ff;\"><strong>FAQ &#8211; Tr\u1ea3 l\u1eddi nh\u1eefng th\u1eafc m\u1eafc khi ch\u01a1i KUWIN<\/strong><\/span><\/h2>\n<div class=\"accordion\"><\/div>\n\t<div id=\"accordion-1326251121\" class=\"accordion-item\">\n\t\t<a id=\"accordion-1326251121-label\" class=\"accordion-title plain\" href=\"#accordion-item-trang-t\u1ed5ng-truy-c\u1eadp-kuwin-40.casino-l\u00e0-g\u00ec?\" aria-expanded=\"false\" aria-controls=\"accordion-1326251121-content\" >\n\t\t\t<button class=\"toggle\" aria-label=\"Chuy\u1ec3n \u0111\u1ed5i\"><i class=\"icon-angle-down\"><\/i><\/button>\n\t\t\t<span>Trang t\u1ed5ng truy c\u1eadp Kuwin 40.casino l\u00e0 g\u00ec?<\/span>\n\t\t<\/a>\n\t\t<div id=\"accordion-1326251121-content\" class=\"accordion-inner\" aria-labelledby=\"accordion-1326251121-label\" >\n\t\t\t\n<p><span style=\"color: #3366ff;\">C\u00e1c trang truy c\u1eadp ch\u00ednh th\u1ee9c:<\/span><\/p>\n<ul>\n<li><span style=\"color: #3366ff;\">Kuwin 40.com<\/span><\/li>\n<li><span style=\"color: #3366ff;\">Kuwin4 0.casino<\/span><\/li>\n<li><span style=\"color: #3366ff;\">Kuwin40.game<\/span><\/li>\n<li><span style=\"color: #3366ff;\">Kuwin40 . app<\/span><\/li>\n<li><span style=\"color: #3366ff;\">Kuwin40 .bet<\/span><\/li>\n<\/ul>\n<p>#trangchukuwin #dangnhapkuwin #dangkykuwin #taiappkuwin #appkuwin #kuwinbet #kuwincasino<\/p>\n<p>#trangchukuwin40 #dangnhapkuwin40 #dangkykuwin40 #taiappkuwin40 #appkuwin40 #kuwin40bet #kuwin40casino<\/p>\n\t\t<\/div>\n\t<\/div>\n\t\n\t<div id=\"accordion-3043580540\" class=\"accordion-item\">\n\t\t<a id=\"accordion-3043580540-label\" class=\"accordion-title plain\" href=\"#accordion-item-r\u00fat-ti\u1ec1n-tr\u00ean-kuwin40.-com-c\u00f3-an-to\u00e0n-kh\u00f4ng?\" aria-expanded=\"false\" aria-controls=\"accordion-3043580540-content\" >\n\t\t\t<button class=\"toggle\" aria-label=\"Chuy\u1ec3n \u0111\u1ed5i\"><i class=\"icon-angle-down\"><\/i><\/button>\n\t\t\t<span>R\u00fat ti\u1ec1n tr\u00ean Kuwin40. com c\u00f3 an to\u00e0n kh\u00f4ng?<\/span>\n\t\t<\/a>\n\t\t<div id=\"accordion-3043580540-content\" class=\"accordion-inner\" aria-labelledby=\"accordion-3043580540-label\" >\n\t\t\t\n<p><span style=\"color: #3366ff;\">Khi r\u00fat ti\u1ec1n tr\u00ean Kuwin an to\u00e0n b\u1edfi d\u1eef li\u1ec7u giao d\u1ecbch \u0111\u01b0\u1ee3c m\u00e3 h\u00f3a ch\u1ed1ng hack, M\u1eadt kh\u1ea9u giao \u0111\u1ecbch l\u00e0 c\u1ee7a ng\u01b0\u1eddi ch\u01a1i t\u1ef1 thi\u1ebft l\u1eadp m\u1ed7i giao d\u1ecbch \u0111\u1ec1u \u0111\u01b0\u1ee3c x\u00e1c nh\u1eadn k\u1ef9 c\u00e0ng v\u00e0 ch\u1ec9 chuy\u1ec3n kho\u1ea3n \u0111\u1ebfn duy nh\u1ea5t 1 t\u00e0i kho\u1ea3n c\u1ee7a ng\u01b0\u1eddi ch\u01a1i \u0111\u00e3 \u0111\u0103ng k\u00fd.<\/span><\/p>\n\t\t<\/div>\n\t<\/div>\n\t\n\t<div id=\"accordion-3109110318\" class=\"accordion-item\">\n\t\t<a id=\"accordion-3109110318-label\" class=\"accordion-title plain\" href=\"#accordion-item-d\u1ecbch-v\u1ee5-cskh-kuwin40-ho\u1ea1t-\u0111\u1ed9ng-trong-th\u1eddi-gian-n\u00e0o?\" aria-expanded=\"false\" aria-controls=\"accordion-3109110318-content\" >\n\t\t\t<button class=\"toggle\" aria-label=\"Chuy\u1ec3n \u0111\u1ed5i\"><i class=\"icon-angle-down\"><\/i><\/button>\n\t\t\t<span>D\u1ecbch v\u1ee5 CSKH Kuwin40 ho\u1ea1t \u0111\u1ed9ng trong th\u1eddi gian n\u00e0o?<\/span>\n\t\t<\/a>\n\t\t<div id=\"accordion-3109110318-content\" class=\"accordion-inner\" aria-labelledby=\"accordion-3109110318-label\" >\n\t\t\t\n<p><span style=\"color: #3366ff;\">D\u1ecbch v\u1ee5 CSKH Kuwin40.com ho\u1ea1t \u0111\u1ed9ng 24\/24 li\u00ean t\u1ee5c trong 365 ng\u00e0y ph\u1ee5c v\u1ee5 gi\u1ea3i \u0111\u00e1p nhanh ch\u00f3ng m\u1ecdi nhu c\u1ea7u th\u1eafc m\u1eafc c\u1ee7a ng\u01b0\u1eddi ch\u01a1i. \u0110\u1ea3m b\u1ea3o ng\u01b0\u1eddi ch\u01a1i c\u00f3 nh\u1eefng tr\u1ea3i nghi\u1ec7m t\u1ed1t nh\u1ea5t.<\/span><\/p>\n\t\t<\/div>\n\t<\/div>\n\t\n\t<div id=\"accordion-4135913661\" class=\"accordion-item\">\n\t\t<a id=\"accordion-4135913661-label\" class=\"accordion-title plain\" href=\"#accordion-item-trang-c\u00e1-c\u01b0\u1ee3c-kuwin-40-app-c\u00f3-uy-t\u00edn-kh\u00f4ng?\" aria-expanded=\"false\" aria-controls=\"accordion-4135913661-content\" >\n\t\t\t<button class=\"toggle\" aria-label=\"Chuy\u1ec3n \u0111\u1ed5i\"><i class=\"icon-angle-down\"><\/i><\/button>\n\t\t\t<span>Trang c\u00e1 c\u01b0\u1ee3c Kuwin 40 app c\u00f3 uy t\u00edn kh\u00f4ng?<\/span>\n\t\t<\/a>\n\t\t<div id=\"accordion-4135913661-content\" class=\"accordion-inner\" aria-labelledby=\"accordion-4135913661-label\" >\n\t\t\t\n<p><span style=\"color: #3366ff;\">KUWIN.COM c\u00f4ng ty tr\u00f2 ch\u01a1i uy t\u00edn top 1 \u0111\u01b0\u1ee3c c\u1ea5p ph\u00e9p h\u1ee3p ph\u00e1p b\u1edfi Khu kinh t\u1ebf Isle Of Man &amp; Cayagan Economic Zone And Freeport. T\u1ea5t c\u1ea3 c\u00e1c ho\u1ea1t \u0111\u1ed9ng kinh doanh c\u1edd b\u1ea1c \u0111\u1ec1u \u0111\u01b0\u1ee3c \u0111\u1ea3m b\u1ea3o s\u1ef1 minh b\u1ea1ch v\u00e0 \u0111\u1eb7t quy\u1ec1n l\u1ee3i cho ng\u01b0\u1eddi ch\u01a1i l\u00ean h\u00e0ng \u0111\u1ea7u.<\/span><\/p>\n\t\t<\/div>\n\t<\/div>\n\t\n<p>&nbsp;<\/p>\n","protected":false},"excerpt":{"rendered":"<p>TRANG CH\u1ee6 \u0110\u0102NG NH\u1eacP NH\u00c0 C\u00c1I KUWIN Link trang t\u1ed5ng v\u00e0o Kuwin40 com ch\u00ednh th\u1ee9c c\u1eadp nh\u1eadt ng\u00e0y h\u00f4m nay m\u1edbi nh\u1ea5t: Disclaimer (Tuy\u00ean b\u1ed1 mi\u1ec5n tr\u1eeb): Kuwin40.org l\u00e0 trang th\u00f4ng tin cung c\u1ea5p n\u1ed9i dung tham kh\u1ea3o cho \u0111\u1ed9c gi\u1ea3 \u0111\u1ee7 18 tu\u1ed5i v\u00e0 kh\u00f4ng sinh s\u1ed1ng t\u1ea1i Vi\u1ec7t Nam. Ch\u00fang t\u00f4i kh\u00f4ng v\u1eadn&#8230;<\/p>\n","protected":false},"author":1,"featured_media":0,"parent":0,"menu_order":0,"comment_status":"closed","ping_status":"open","template":"page-right-sidebar.php","meta":{"footnotes":""},"class_list":["post-2","page","type-page","status-publish","hentry"],"_links":{"self":[{"href":"https:\/\/kuwin40.org\/index.php?rest_route=\/wp\/v2\/pages\/2","targetHints":{"allow":["GET"]}}],"collection":[{"href":"https:\/\/kuwin40.org\/index.php?rest_route=\/wp\/v2\/pages"}],"about":[{"href":"https:\/\/kuwin40.org\/index.php?rest_route=\/wp\/v2\/types\/page"}],"author":[{"embeddable":true,"href":"https:\/\/kuwin40.org\/index.php?rest_route=\/wp\/v2\/users\/1"}],"replies":[{"embeddable":true,"href":"https:\/\/kuwin40.org\/index.php?rest_route=%2Fwp%2Fv2%2Fcomments&post=2"}],"version-history":[{"count":54,"href":"https:\/\/kuwin40.org\/index.php?rest_route=\/wp\/v2\/pages\/2\/revisions"}],"predecessor-version":[{"id":634,"href":"https:\/\/kuwin40.org\/index.php?rest_route=\/wp\/v2\/pages\/2\/revisions\/634"}],"wp:attachment":[{"href":"https:\/\/kuwin40.org\/index.php?rest_route=%2Fwp%2Fv2%2Fmedia&parent=2"}],"curies":[{"name":"wp","href":"https:\/\/api.w.org\/{rel}","templated":true}]}}